{"id":18659,"date":"2025-07-12T21:04:09","date_gmt":"2025-07-13T01:04:09","guid":{"rendered":"https:\/\/artpontiac.com\/a-propos-de-nous\/"},"modified":"2025-10-10T17:30:21","modified_gmt":"2025-10-10T21:30:21","slug":"a-propos","status":"publish","type":"page","link":"https:\/\/artpontiac.com\/fr\/a-propos\/","title":{"rendered":"\u00c0 propos"},"content":{"rendered":"\t\t<div data-elementor-type=\"wp-page\" data-elementor-id=\"18659\" class=\"elementor elementor-18659 elementor-100\" data-elementor-post-type=\"page\">\n\t\t\t\t<div class=\"elementor-element elementor-element-1b81546 e-flex e-con-boxed e-con e-parent\" data-id=\"1b81546\" data-element_type=\"container\" data-e-type=\"container\">\n\t\t\t\t\t<div class=\"e-con-inner\">\n\t\t<div class=\"elementor-element elementor-element-b43c7ef e-con-full e-flex e-con e-child\" data-id=\"b43c7ef\" data-element_type=\"container\" data-e-type=\"container\">\n\t\t\t\t<div class=\"elementor-element elementor-element-f4f8788 elementor-widget elementor-widget-text-editor\" data-id=\"f4f8788\" data-element_type=\"widget\" data-e-type=\"widget\" data-widget_type=\"text-editor.default\">\n\t\t\t\t<div class=\"elementor-widget-container\">\n\t\t\t\t\t\t\t\t\t<p>Art Pontiac est un organisme sans but lucratif <em><a href=\"https:\/\/artpontiac.com\/fr\/a-propos\/notre-histoire\/\">dont la riche histoire remonte \u00e0 plus de trois d\u00e9cennies<\/a><\/em>.<\/p><p>Cet organisme a jou\u00e9 et continue de jouer un r\u00f4le central dans le mouvement artistique et culturel de la r\u00e9gion de Pontiac. Art Pontiac est bien plus qu&rsquo;un simple nom.<\/p><p>La graine a \u00e9t\u00e9 sem\u00e9e par un groupe de cr\u00e9atifs qui l&rsquo;ont cultiv\u00e9e et nourrie. Elle s&rsquo;est ensuite \u00e9panouie en de nombreux p\u00e9tales, formant une magnifique plante aux fleurs aux couleurs \u00e9clatantes.<\/p><p>Le syst\u00e8me racinaire est constitu\u00e9 de la communaut\u00e9 qui nous soutient par des dons, des parrainages et des m\u00e9c\u00e9nats. Sans leur soutien, nous ne pourrions pas prosp\u00e9rer.<\/p><p>La tige est la galerie de l&rsquo;\u00e9cole, o\u00f9 des talents incroyables sont expos\u00e9s pour le plaisir du monde entier et o\u00f9 des artistes nouveaux et chevronn\u00e9s peuvent montrer qui ils sont, leurs comp\u00e9tences et leur parcours. C&rsquo;est l\u00e0 que les artistes s&rsquo;\u00e9panouissent.<\/p><p>Les feuilles repr\u00e9sentent la boutique de cadeaux de la Stone School. C&rsquo;est l\u00e0 que les artisans exposent leurs cr\u00e9ations et que les clients peuvent partager l&rsquo;amour qui est insuffl\u00e9 dans ces \u0153uvres. On y trouve de tout : poterie, verre, m\u00e9tal, pierre et bois, peinture, tricot, crochet, perles, couture, fabrication de bougies et de savon, vannerie ou sculptures. La cr\u00e9ativit\u00e9 n&rsquo;a ici aucune limite.<\/p><p>Les p\u00e9tales repr\u00e9sentent les b\u00e9n\u00e9voles qui fournissent le soleil, l&rsquo;eau et la nourriture \u00e0 cette plante. Ils constituent une source de soutien inestimable.<\/p><p>Le centre de la plante&#8230; la Pontiac School of the Arts. C&rsquo;est l\u00e0 qu&rsquo;ArtPontiac rend \u00e0 la communaut\u00e9 ce qu&rsquo;elle lui a donn\u00e9, gr\u00e2ce \u00e0 des r\u00e9seaux, des ateliers, des cours soigneusement con\u00e7us, des occasions pour les artistes d&rsquo;enseigner ce qu&rsquo;ils aiment et de cultiver leur propre voie, et o\u00f9 l&rsquo;inclusivit\u00e9 est essentielle \u00e0 son succ\u00e8s. C&rsquo;est le c\u0153ur de la plante qui bat et transmet un message d&rsquo;\u00e9nergie positive et les graines de la cr\u00e9ation.<\/p><p><strong>Venez grandir avec nous !<\/strong><\/p>\t\t\t\t\t\t\t\t<\/div>\n\t\t\t\t<\/div>\n\t\t\t\t<\/div>\n\t\t<div class=\"elementor-element elementor-element-8d0b2cd e-con-full e-flex e-con e-child\" data-id=\"8d0b2cd\" data-element_type=\"container\" data-e-type=\"container\">\n\t\t\t\t<div class=\"elementor-element elementor-element-6c25cf4 elementor-widget elementor-widget-image\" data-id=\"6c25cf4\" data-element_type=\"widget\" data-e-type=\"widget\" data-widget_type=\"image.default\">\n\t\t\t\t<div class=\"elementor-widget-container\">\n\t\t\t\t\t\t\t\t\t\t\t\t<figure class=\"wp-caption\">\n\t\t\t\t\t\t\t\t\t\t<img fetchpriority=\"high\" decoding=\"async\" width=\"800\" height=\"821\" src=\"https:\/\/artpontiac.com\/wp-content\/uploads\/2025\/07\/IMG_3562-2-998x1024.jpg\" class=\"attachment-large size-large wp-image-16613\" alt=\"Stone School\" srcset=\"https:\/\/artpontiac.com\/wp-content\/uploads\/2025\/07\/IMG_3562-2-998x1024.jpg 998w, https:\/\/artpontiac.com\/wp-content\/uploads\/2025\/07\/IMG_3562-2-292x300.jpg 292w, https:\/\/artpontiac.com\/wp-content\/uploads\/2025\/07\/IMG_3562-2-768x788.jpg 768w, https:\/\/artpontiac.com\/wp-content\/uploads\/2025\/07\/IMG_3562-2-1497x1536.jpg 1497w, https:\/\/artpontiac.com\/wp-content\/uploads\/2025\/07\/IMG_3562-2.jpg 1818w\" sizes=\"(max-width: 800px) 100vw, 800px\" \/>\t\t\t\t\t\t\t\t\t\t\t<figcaption class=\"widget-image-caption wp-caption-text\">L'\u00e9cole Stone \u00e0 Portage-du-Fort, o\u00f9 se d\u00e9roulent bon nombre de nos \u00e9v\u00e9nements.<\/figcaption>\n\t\t\t\t\t\t\t\t\t\t<\/figure>\n\t\t\t\t\t\t\t\t\t<\/div>\n\t\t\t\t<\/div>\n\t\t\t\t<div class=\"elementor-element elementor-element-ce86e75 elementor-widget elementor-widget-heading\" data-id=\"ce86e75\" data-element_type=\"widget\" data-e-type=\"widget\" data-widget_type=\"heading.default\">\n\t\t\t\t<div class=\"elementor-widget-container\">\n\t\t\t\t\t<h2 class=\"elementor-heading-title elementor-size-default\">La vision<\/h2>\t\t\t\t<\/div>\n\t\t\t\t<\/div>\n\t\t\t\t<div class=\"elementor-element elementor-element-a470255 elementor-widget elementor-widget-text-editor\" data-id=\"a470255\" data-element_type=\"widget\" data-e-type=\"widget\" data-widget_type=\"text-editor.default\">\n\t\t\t\t<div class=\"elementor-widget-container\">\n\t\t\t\t\t\t\t\t\t<p class=\"leadin\">Art Pontiac a pour objectif de faire de la r\u00e9gion de Pontiac un centre d&rsquo;excellence artistique et de tourisme culturel en valorisant les artistes, en c\u00e9l\u00e9brant le patrimoine et en favorisant des liens significatifs \u00e0 travers le Qu\u00e9bec et au-del\u00e0.<\/p>\t\t\t\t\t\t\t\t<\/div>\n\t\t\t\t<\/div>\n\t\t\t\t<div class=\"elementor-element elementor-element-a35aef0 elementor-widget elementor-widget-heading\" data-id=\"a35aef0\" data-element_type=\"widget\" data-e-type=\"widget\" data-widget_type=\"heading.default\">\n\t\t\t\t<div class=\"elementor-widget-container\">\n\t\t\t\t\t<h2 class=\"elementor-heading-title elementor-size-default\">La mission<\/h2>\t\t\t\t<\/div>\n\t\t\t\t<\/div>\n\t\t\t\t<div class=\"elementor-element elementor-element-69c988b elementor-widget elementor-widget-text-editor\" data-id=\"69c988b\" data-element_type=\"widget\" data-e-type=\"widget\" data-widget_type=\"text-editor.default\">\n\t\t\t\t<div class=\"elementor-widget-container\">\n\t\t\t\t\t\t\t\t\t<p class=\"leadin\">Notre mission est d&rsquo;offrir aux artistes et au public des occasions enrichissantes de cr\u00e9er, de d\u00e9couvrir et de soutenir les arts. Nous nous engageons \u00e0 autonomiser les artistes de mani\u00e8re inclusive, gr\u00e2ce \u00e0 l&rsquo;\u00e9ducation, \u00e0 une philosophie ouverte qui nourrit et prot\u00e8ge, \u00e0 la promotion des artistes et \u00e0 la collaboration avec des organisations culturelles qui partagent notre vision.<\/p>\t\t\t\t\t\t\t\t<\/div>\n\t\t\t\t<\/div>\n\t\t\t\t<\/div>\n\t\t\t\t\t<\/div>\n\t\t\t\t<\/div>\n\t\t\t\t<\/div>\n\t\t","protected":false},"excerpt":{"rendered":"<p>Art Pontiac est un organisme sans but lucratif dont la riche histoire remonte \u00e0 plus de trois d\u00e9cennies. Cet organisme a jou\u00e9 et continue de jouer un r\u00f4le central dans [&hellip;]<\/p>\n","protected":false},"author":1,"featured_media":16813,"parent":0,"menu_order":0,"comment_status":"closed","ping_status":"closed","template":"","meta":{"_acf_changed":false,"iawp_total_views":14,"footnotes":""},"class_list":["post-18659","page","type-page","status-publish","has-post-thumbnail","hentry"],"acf":[],"publishpress_future_action":{"enabled":false,"date":"2026-04-23 01:04:08","action":"change-status","newStatus":"draft","terms":[],"taxonomy":"translation_priority","extraData":[]},"publishpress_future_workflow_manual_trigger":{"enabledWorkflows":[]},"_links":{"self":[{"href":"https:\/\/artpontiac.com\/fr\/wp-json\/wp\/v2\/pages\/18659","targetHints":{"allow":["GET"]}}],"collection":[{"href":"https:\/\/artpontiac.com\/fr\/wp-json\/wp\/v2\/pages"}],"about":[{"href":"https:\/\/artpontiac.com\/fr\/wp-json\/wp\/v2\/types\/page"}],"author":[{"embeddable":true,"href":"https:\/\/artpontiac.com\/fr\/wp-json\/wp\/v2\/users\/1"}],"replies":[{"embeddable":true,"href":"https:\/\/artpontiac.com\/fr\/wp-json\/wp\/v2\/comments?post=18659"}],"version-history":[{"count":24,"href":"https:\/\/artpontiac.com\/fr\/wp-json\/wp\/v2\/pages\/18659\/revisions"}],"predecessor-version":[{"id":19917,"href":"https:\/\/artpontiac.com\/fr\/wp-json\/wp\/v2\/pages\/18659\/revisions\/19917"}],"wp:featuredmedia":[{"embeddable":true,"href":"https:\/\/artpontiac.com\/fr\/wp-json\/wp\/v2\/media\/16813"}],"wp:attachment":[{"href":"https:\/\/artpontiac.com\/fr\/wp-json\/wp\/v2\/media?parent=18659"}],"curies":[{"name":"wp","href":"https:\/\/api.w.org\/{rel}","templated":true}]}}