{"id":18666,"date":"2025-07-12T21:15:25","date_gmt":"2025-07-13T01:15:25","guid":{"rendered":"https:\/\/artpontiac.com\/a-propos-de-nous\/membres-du-conseil-dadministration\/"},"modified":"2025-10-29T12:14:37","modified_gmt":"2025-10-29T16:14:37","slug":"membres-du-conseil","status":"publish","type":"page","link":"https:\/\/artpontiac.com\/fr\/a-propos\/membres-du-conseil\/","title":{"rendered":"Membres du conseil"},"content":{"rendered":"\t\t<div data-elementor-type=\"wp-page\" data-elementor-id=\"18666\" class=\"elementor elementor-18666 elementor-133\" data-elementor-post-type=\"page\">\n\t\t\t\t<div class=\"elementor-element elementor-element-6583628 e-flex e-con-boxed e-con e-parent\" data-id=\"6583628\" data-element_type=\"container\" data-e-type=\"container\">\n\t\t\t\t\t<div class=\"e-con-inner\">\n\t\t<div class=\"elementor-element elementor-element-e1d5d28 e-con-full e-flex e-con e-child\" data-id=\"e1d5d28\" data-element_type=\"container\" data-e-type=\"container\">\n\t\t<div class=\"elementor-element elementor-element-f2daece e-con-full e-flex e-con e-child\" data-id=\"f2daece\" data-element_type=\"container\" data-e-type=\"container\">\n\t\t\t\t<div class=\"elementor-element elementor-element-723e653 elementor-widget elementor-widget-text-editor\" data-id=\"723e653\" data-element_type=\"widget\" data-e-type=\"widget\" data-widget_type=\"text-editor.default\">\n\t\t\t\t<div class=\"elementor-widget-container\">\n\t\t\t\t\t\t\t\t\t<p>Le conseil d&rsquo;administration d&rsquo;Art Pontiac joue un r\u00f4le essentiel dans l&rsquo;orientation de la vision et des activit\u00e9s de l&rsquo;organisation. Compos\u00e9 de b\u00e9n\u00e9voles d\u00e9vou\u00e9s provenant de toute la r\u00e9gion, le conseil apporte une vaste exp\u00e9rience dans les domaines des arts, du d\u00e9veloppement communautaire et de la direction d&rsquo;organismes sans but lucratif.<\/p><p>Ensemble, ils travaillent \u00e0 soutenir les artistes locaux, \u00e0 renforcer les partenariats et \u00e0 faire en sorte qu&rsquo;Art Pontiac continue de prosp\u00e9rer en tant que centre cr\u00e9atif pour la r\u00e9gion de Pontiac.<\/p>\t\t\t\t\t\t\t\t<\/div>\n\t\t\t\t<\/div>\n\t\t\t\t<\/div>\n\t\t<div class=\"elementor-element elementor-element-9300f00 e-con-full e-flex e-con e-child\" data-id=\"9300f00\" data-element_type=\"container\" data-e-type=\"container\">\n\t\t\t\t<div class=\"elementor-element elementor-element-a859e4d elementor-widget elementor-widget-heading\" data-id=\"a859e4d\" data-element_type=\"widget\" data-e-type=\"widget\" data-widget_type=\"heading.default\">\n\t\t\t\t<div class=\"elementor-widget-container\">\n\t\t\t\t\t<h2 class=\"elementor-heading-title elementor-size-default\">Postes disponibles au conseil d'administration<\/h2>\t\t\t\t<\/div>\n\t\t\t\t<\/div>\n\t\t\t\t<div class=\"elementor-element elementor-element-2210388 elementor-widget elementor-widget-text-editor\" data-id=\"2210388\" data-element_type=\"widget\" data-e-type=\"widget\" data-widget_type=\"text-editor.default\">\n\t\t\t\t<div class=\"elementor-widget-container\">\n\t\t\t\t\t\t\t\t\t<p>Nous recrutons activement de nouveaux membres pour rejoindre notre \u00e9quipe de direction et nous aider \u00e0 r\u00e9aliser notre mission. Si vous souhaitez rejoindre notre conseil d&rsquo;administration, n&rsquo;h\u00e9sitez pas \u00e0 nous contacter !<\/p>\t\t\t\t\t\t\t\t<\/div>\n\t\t\t\t<\/div>\n\t\t\t\t<div class=\"elementor-element elementor-element-0f7f232 elementor-widget elementor-widget-button\" data-id=\"0f7f232\" data-element_type=\"widget\" data-e-type=\"widget\" data-widget_type=\"button.default\">\n\t\t\t\t<div class=\"elementor-widget-container\">\n\t\t\t\t\t\t\t\t\t<div class=\"elementor-button-wrapper\">\n\t\t\t\t\t<a class=\"elementor-button elementor-button-link elementor-size-sm\" href=\"https:\/\/artpontiac.com\/fr\/contact\/\">\n\t\t\t\t\t\t<span class=\"elementor-button-content-wrapper\">\n\t\t\t\t\t\t\t\t\t<span class=\"elementor-button-text\">Contactez-nous<\/span>\n\t\t\t\t\t<\/span>\n\t\t\t\t\t<\/a>\n\t\t\t\t<\/div>\n\t\t\t\t\t\t\t\t<\/div>\n\t\t\t\t<\/div>\n\t\t\t\t<\/div>\n\t\t\t\t<\/div>\n\t\t\t\t\t<\/div>\n\t\t\t\t<\/div>\n\t\t<div class=\"elementor-element elementor-element-c341479 e-flex e-con-boxed e-con e-parent\" data-id=\"c341479\" data-element_type=\"container\" data-e-type=\"container\">\n\t\t\t\t\t<div class=\"e-con-inner\">\n\t\t<div class=\"elementor-element elementor-element-7f7922b e-con-full e-flex e-con e-child\" data-id=\"7f7922b\" data-element_type=\"container\" data-e-type=\"container\">\n\t\t<div class=\"elementor-element elementor-element-31add20 e-con-full e-flex e-con e-child\" data-id=\"31add20\" data-element_type=\"container\" data-e-type=\"container\" data-settings=\"{&quot;background_background&quot;:&quot;classic&quot;}\">\n\t\t\t\t<\/div>\n\t\t<div class=\"elementor-element elementor-element-78170a6 e-con-full e-flex e-con e-child\" data-id=\"78170a6\" data-element_type=\"container\" data-e-type=\"container\">\n\t\t\t\t<div class=\"elementor-element elementor-element-8cedb58 elementor-widget elementor-widget-heading\" data-id=\"8cedb58\" data-element_type=\"widget\" data-e-type=\"widget\" data-widget_type=\"heading.default\">\n\t\t\t\t<div class=\"elementor-widget-container\">\n\t\t\t\t\t<h2 class=\"elementor-heading-title elementor-size-default\">Keri-Anne Chyzewsky<\/h2>\t\t\t\t<\/div>\n\t\t\t\t<\/div>\n\t\t\t\t<div class=\"elementor-element elementor-element-bd715c6 elementor-widget elementor-widget-heading\" data-id=\"bd715c6\" data-element_type=\"widget\" data-e-type=\"widget\" data-widget_type=\"heading.default\">\n\t\t\t\t<div class=\"elementor-widget-container\">\n\t\t\t\t\t<div class=\"elementor-heading-title elementor-size-default\"><a href=\"mailto:president@artpontiac.com\">president@artpontiac.com<\/a><\/div>\t\t\t\t<\/div>\n\t\t\t\t<\/div>\n\t\t\t\t<div class=\"elementor-element elementor-element-d76d5a9 elementor-widget elementor-widget-text-editor\" data-id=\"d76d5a9\" data-element_type=\"widget\" data-e-type=\"widget\" data-widget_type=\"text-editor.default\">\n\t\t\t\t<div class=\"elementor-widget-container\">\n\t\t\t\t\t\t\t\t\t<p>Keri-Anne Chyzewsky est une artiste multidisciplinaire et une entrepreneuse dont le travail fait le pont entre le monde de l&rsquo;expression cr\u00e9ative et celui de la r\u00e9flexion strat\u00e9gique en affaires. Forte d&rsquo;une exp\u00e9rience dynamique dans les domaines du design, des beaux-arts et de la gestion d&rsquo;entreprise, elle apporte une perspective unique \u00e0 chaque toile, installation et projet collaboratif qu&rsquo;elle entreprend. Keri-Anne a la capacit\u00e9 de traduire des concepts cr\u00e9atifs en projets durables ax\u00e9s sur le public. En combinant une esth\u00e9tique audacieuse et une strat\u00e9gie intelligente,<\/p><p>Keri-Anne continue de red\u00e9finir ce que signifie \u00eatre artiste au XXIe si\u00e8cle, prouvant que l&rsquo;imagination, lorsqu&rsquo;elle est associ\u00e9e \u00e0 l&rsquo;enthousiasme entrepreneurial, peut transformer \u00e0 la fois les murs des galeries et les tables des salles de r\u00e9union.<\/p>\t\t\t\t\t\t\t\t<\/div>\n\t\t\t\t<\/div>\n\t\t\t\t<\/div>\n\t\t\t\t<\/div>\n\t\t<div class=\"elementor-element elementor-element-6f4dca2 e-con-full e-flex e-con e-child\" data-id=\"6f4dca2\" data-element_type=\"container\" data-e-type=\"container\">\n\t\t<div class=\"elementor-element elementor-element-80307d0 e-con-full e-flex e-con e-child\" data-id=\"80307d0\" data-element_type=\"container\" data-e-type=\"container\" data-settings=\"{&quot;background_background&quot;:&quot;classic&quot;}\">\n\t\t\t\t<\/div>\n\t\t<div class=\"elementor-element elementor-element-b05ddc5 e-con-full e-flex e-con e-child\" data-id=\"b05ddc5\" data-element_type=\"container\" data-e-type=\"container\">\n\t\t\t\t<div class=\"elementor-element elementor-element-a1f57a7 elementor-widget elementor-widget-heading\" data-id=\"a1f57a7\" data-element_type=\"widget\" data-e-type=\"widget\" data-widget_type=\"heading.default\">\n\t\t\t\t<div class=\"elementor-widget-container\">\n\t\t\t\t\t<h2 class=\"elementor-heading-title elementor-size-default\">Pat Forrest<\/h2>\t\t\t\t<\/div>\n\t\t\t\t<\/div>\n\t\t\t\t<div class=\"elementor-element elementor-element-154af00 elementor-widget elementor-widget-heading\" data-id=\"154af00\" data-element_type=\"widget\" data-e-type=\"widget\" data-widget_type=\"heading.default\">\n\t\t\t\t<div class=\"elementor-widget-container\">\n\t\t\t\t\t<div class=\"elementor-heading-title elementor-size-default\"><a href=\"mailto:treasurer@artpontiac.com\">treasurer@artpontiac.com<\/a><\/div>\t\t\t\t<\/div>\n\t\t\t\t<\/div>\n\t\t\t\t<div class=\"elementor-element elementor-element-9efbca5 elementor-widget elementor-widget-text-editor\" data-id=\"9efbca5\" data-element_type=\"widget\" data-e-type=\"widget\" data-widget_type=\"text-editor.default\">\n\t\t\t\t<div class=\"elementor-widget-container\">\n\t\t\t\t\t\t\t\t\t<p>Pat Forrest a travaill\u00e9 dans le secteur public, dans le domaine des hautes technologies et enfin dans l&rsquo;immobilier au cours des 40 derni\u00e8res ann\u00e9es. Avec tout cela derri\u00e8re elle, elle peut d\u00e9sormais se consacrer \u00e0 sa premi\u00e8re passion, celle d&rsquo;\u00eatre artiste \u00e0 plein temps et cr\u00e9atrice infatigable.<\/p><p>Pat vit dans la r\u00e9gion rurale de Renfrew, en Ontario, depuis 1995. Elle a commenc\u00e9 son parcours artistique en 1989 en suivant quelques cours de peinture. Aujourd&rsquo;hui, c&rsquo;est elle qui donne des cours de peinture ! Pat s&rsquo;efforce d&rsquo;\u00eatre cr\u00e9ative presque tous les jours et se r\u00e9jouit d&rsquo;aider Art Pontiac du mieux qu&rsquo;elle peut dans son processus de revitalisation. Pat est b\u00e9n\u00e9vole en tant que coordinatrice des adh\u00e9sions, participe \u00e0 la boutique de cadeaux de la Stone School, aide \u00e0 organiser d&rsquo;autres comit\u00e9s et est \u00e9galement membre actuelle du conseil d&rsquo;administration en tant que tr\u00e9sori\u00e8re.<\/p><p>Les techniques artistiques pr\u00e9f\u00e9r\u00e9es de Pat sont l&rsquo;aquarelle et la peinture acrylique. Elle poss\u00e8de \u00e9galement un four \u00e0 verre et cr\u00e9e des paysages, des fleurs et des oiseaux \u00e0 l&rsquo;aide de ces mat\u00e9riaux artistiques. Le style personnel de Pat d\u00e9gage une impression de paix et de tranquillit\u00e9 dans toutes ses \u0153uvres. Elle esp\u00e8re que vous vous joindrez \u00e0 elle pour peindre, cr\u00e9er, faire du b\u00e9n\u00e9volat, admirer l&rsquo;art avec elle, ou simplement pour fl\u00e2ner et faire des achats dans la boutique de cadeaux !<\/p><p>La vie est une toile \u2013 Profitez-en chaque jour<\/p>\t\t\t\t\t\t\t\t<\/div>\n\t\t\t\t<\/div>\n\t\t\t\t<\/div>\n\t\t\t\t<\/div>\n\t\t<div class=\"elementor-element elementor-element-bdc9618 e-con-full e-flex e-con e-child\" data-id=\"bdc9618\" data-element_type=\"container\" data-e-type=\"container\">\n\t\t<div class=\"elementor-element elementor-element-9e98698 e-con-full e-flex e-con e-child\" data-id=\"9e98698\" data-element_type=\"container\" data-e-type=\"container\" data-settings=\"{&quot;background_background&quot;:&quot;classic&quot;}\">\n\t\t\t\t<\/div>\n\t\t<div class=\"elementor-element elementor-element-ac15051 e-con-full e-flex e-con e-child\" data-id=\"ac15051\" data-element_type=\"container\" data-e-type=\"container\">\n\t\t\t\t<div class=\"elementor-element elementor-element-6d9c78b elementor-widget elementor-widget-heading\" data-id=\"6d9c78b\" data-element_type=\"widget\" data-e-type=\"widget\" data-widget_type=\"heading.default\">\n\t\t\t\t<div class=\"elementor-widget-container\">\n\t\t\t\t\t<h2 class=\"elementor-heading-title elementor-size-default\">Rhonda Morrison<\/h2>\t\t\t\t<\/div>\n\t\t\t\t<\/div>\n\t\t\t\t<div class=\"elementor-element elementor-element-f3bedc6 elementor-widget elementor-widget-heading\" data-id=\"f3bedc6\" data-element_type=\"widget\" data-e-type=\"widget\" data-widget_type=\"heading.default\">\n\t\t\t\t<div class=\"elementor-widget-container\">\n\t\t\t\t\t<div class=\"elementor-heading-title elementor-size-default\"><a href=\"mailto:secretary@artpontiac.com\">secretary@artpontiac.com<\/a><\/div>\t\t\t\t<\/div>\n\t\t\t\t<\/div>\n\t\t\t\t<div class=\"elementor-element elementor-element-7255c1d elementor-widget elementor-widget-text-editor\" data-id=\"7255c1d\" data-element_type=\"widget\" data-e-type=\"widget\" data-widget_type=\"text-editor.default\">\n\t\t\t\t<div class=\"elementor-widget-container\">\n\t\t\t\t\t\t\t\t\t<p>Artiste textile forte de 46 ans d&rsquo;exp\u00e9rience, Rhonda Sharpe Morrison apporte une grande passion cr\u00e9ative \u00e0 son travail, sp\u00e9cialis\u00e9 dans le tricot et le crochet. Cette pratique artistique de longue date compl\u00e8te une carri\u00e8re professionnelle distingu\u00e9e de pr\u00e8s de 25 ans dans le domaine du d\u00e9veloppement \u00e9conomique collaboratif. Elle a consacr\u00e9 sa carri\u00e8re \u00e0 favoriser la coop\u00e9ration entre diff\u00e9rents secteurs \u2013 public, priv\u00e9 et civil \u2013 afin d&rsquo;identifier les opportunit\u00e9s et de stimuler la croissance \u00e9conomique.<\/p><p><br \/>L&rsquo;engagement de Rhonda en faveur du d\u00e9veloppement communautaire d\u00e9passe le cadre professionnel et s&rsquo;\u00e9tend au domaine artistique. En tant que membre fondatrice de la Pontiac School of the Arts (aujourd&rsquo;hui connue sous le nom de Stone School \u00e0 Portage-du-Fort), elle a jou\u00e9 un r\u00f4le cl\u00e9 dans la cr\u00e9ation d&rsquo;un centre dynamique d\u00e9di\u00e9 \u00e0 la cr\u00e9ativit\u00e9 au sein de la communaut\u00e9. Son travail est guid\u00e9 par la philosophie selon laquelle le partage des ressources et l&rsquo;effort collectif peuvent mener \u00e0 un succ\u00e8s durable, qu&rsquo;il s&rsquo;agisse d&rsquo;un projet de d\u00e9veloppement collaboratif ou d&rsquo;une \u0153uvre d&rsquo;art textile artisanale.<\/p>\t\t\t\t\t\t\t\t<\/div>\n\t\t\t\t<\/div>\n\t\t\t\t<\/div>\n\t\t\t\t<\/div>\n\t\t\t\t\t<\/div>\n\t\t\t\t<\/div>\n\t\t\t\t<\/div>\n\t\t","protected":false},"excerpt":{"rendered":"<p>Le conseil d&rsquo;administration d&rsquo;Art Pontiac joue un r\u00f4le essentiel dans l&rsquo;orientation de la vision et des activit\u00e9s de l&rsquo;organisation. Compos\u00e9 de b\u00e9n\u00e9voles d\u00e9vou\u00e9s provenant de toute la r\u00e9gion, le conseil [&hellip;]<\/p>\n","protected":false},"author":1,"featured_media":18066,"parent":18659,"menu_order":0,"comment_status":"closed","ping_status":"closed","template":"","meta":{"_acf_changed":false,"iawp_total_views":6,"footnotes":""},"class_list":["post-18666","page","type-page","status-publish","has-post-thumbnail","hentry"],"acf":[],"publishpress_future_action":{"enabled":false,"date":"2026-04-23 17:56:25","action":"change-status","newStatus":"draft","terms":[],"taxonomy":"translation_priority","extraData":[]},"publishpress_future_workflow_manual_trigger":{"enabledWorkflows":[]},"_links":{"self":[{"href":"https:\/\/artpontiac.com\/fr\/wp-json\/wp\/v2\/pages\/18666","targetHints":{"allow":["GET"]}}],"collection":[{"href":"https:\/\/artpontiac.com\/fr\/wp-json\/wp\/v2\/pages"}],"about":[{"href":"https:\/\/artpontiac.com\/fr\/wp-json\/wp\/v2\/types\/page"}],"author":[{"embeddable":true,"href":"https:\/\/artpontiac.com\/fr\/wp-json\/wp\/v2\/users\/1"}],"replies":[{"embeddable":true,"href":"https:\/\/artpontiac.com\/fr\/wp-json\/wp\/v2\/comments?post=18666"}],"version-history":[{"count":15,"href":"https:\/\/artpontiac.com\/fr\/wp-json\/wp\/v2\/pages\/18666\/revisions"}],"predecessor-version":[{"id":19841,"href":"https:\/\/artpontiac.com\/fr\/wp-json\/wp\/v2\/pages\/18666\/revisions\/19841"}],"up":[{"embeddable":true,"href":"https:\/\/artpontiac.com\/fr\/wp-json\/wp\/v2\/pages\/18659"}],"wp:featuredmedia":[{"embeddable":true,"href":"https:\/\/artpontiac.com\/fr\/wp-json\/wp\/v2\/media\/18066"}],"wp:attachment":[{"href":"https:\/\/artpontiac.com\/fr\/wp-json\/wp\/v2\/media?parent=18666"}],"curies":[{"name":"wp","href":"https:\/\/api.w.org\/{rel}","templated":true}]}}