{"id":18707,"date":"2025-07-27T19:05:19","date_gmt":"2025-07-27T23:05:19","guid":{"rendered":"https:\/\/artpontiac.com\/news-events\/"},"modified":"2025-09-29T11:01:21","modified_gmt":"2025-09-29T15:01:21","slug":"actualites-et-evenements","status":"publish","type":"page","link":"https:\/\/artpontiac.com\/fr\/actualites-et-evenements\/","title":{"rendered":"Actualit\u00e9s et \u00e9v\u00e9nements"},"content":{"rendered":"\t\t<div data-elementor-type=\"wp-page\" data-elementor-id=\"18707\" class=\"elementor elementor-18707 elementor-16652\" data-elementor-post-type=\"page\">\n\t\t\t\t<div class=\"elementor-element elementor-element-0a7c37d e-flex e-con-boxed e-con e-parent\" data-id=\"0a7c37d\" data-element_type=\"container\" data-e-type=\"container\">\n\t\t\t\t\t<div class=\"e-con-inner\">\n\t\t<div class=\"elementor-element elementor-element-1836886 e-con-full e-flex e-con e-child\" data-id=\"1836886\" data-element_type=\"container\" data-e-type=\"container\">\n\t\t\t\t<div class=\"elementor-element elementor-element-b19ab62 elementor-widget elementor-widget-heading\" data-id=\"b19ab62\" data-element_type=\"widget\" data-e-type=\"widget\" data-widget_type=\"heading.default\">\n\t\t\t\t<div class=\"elementor-widget-container\">\n\t\t\t\t\t<h2 class=\"elementor-heading-title elementor-size-default\">Actualit\u00e9s r\u00e9centes<\/h2>\t\t\t\t<\/div>\n\t\t\t\t<\/div>\n\t\t<div class=\"elementor-element elementor-element-e5700e0 e-con-full e-flex e-con e-child\" data-id=\"e5700e0\" data-element_type=\"container\" data-e-type=\"container\">\n\t\t<div class=\"elementor-element elementor-element-8fa7699 e-con-full e-flex e-con e-child\" data-id=\"8fa7699\" data-element_type=\"container\" data-e-type=\"container\">\n\t\t\t\t<div class=\"elementor-element elementor-element-f5c60fd elementor-widget elementor-widget-heading\" data-id=\"f5c60fd\" data-element_type=\"widget\" data-e-type=\"widget\" data-widget_type=\"heading.default\">\n\t\t\t\t<div class=\"elementor-widget-container\">\n\t\t\t\t\t<h2 class=\"elementor-heading-title elementor-size-default\">Plus d'actualit\u00e9s<\/h2>\t\t\t\t<\/div>\n\t\t\t\t<\/div>\n\t\t\t\t<\/div>\n\t\t\t\t<\/div>\n\t\t\t\t<\/div>\n\t\t<div class=\"elementor-element elementor-element-dd3b5c3 e-con-full e-flex e-con e-child\" data-id=\"dd3b5c3\" data-element_type=\"container\" data-e-type=\"container\">\n\t\t\t\t<div class=\"elementor-element elementor-element-4e1b285 elementor-widget elementor-widget-heading\" data-id=\"4e1b285\" data-element_type=\"widget\" data-e-type=\"widget\" data-widget_type=\"heading.default\">\n\t\t\t\t<div class=\"elementor-widget-container\">\n\t\t\t\t\t<h2 class=\"elementor-heading-title elementor-size-default\">\u00c9v\u00e9nements \u00e0 venir<\/h2>\t\t\t\t<\/div>\n\t\t\t\t<\/div>\n\t\t<div class=\"elementor-element elementor-element-bb7ee3c e-con-full e-flex e-con e-child\" data-id=\"bb7ee3c\" data-element_type=\"container\" data-e-type=\"container\">\n\t\t\t\t<div class=\"elementor-element elementor-element-de26cea elementor-widget elementor-widget-shortcode\" data-id=\"de26cea\" data-element_type=\"widget\" data-e-type=\"widget\" data-widget_type=\"shortcode.default\">\n\t\t\t\t<div class=\"elementor-widget-container\">\n\t\t\t\t\t\t\t<div class=\"elementor-shortcode\"><div class=\"single-events-grid\"> \n<div class=\"em em-view-container\" id=\"em-view-2131954384\" data-view=\"list-grouped\">\r\n\t<div class=\"em pixelbones em-list em-events-list em-events-list-grouped\" id=\"em-events-list-grouped-2131954384\">\r\n\t\n   \n <a href=\"https:\/\/artpontiac.com\/fr\/events\/ppel-de-membres-dequipe-defile-de-mode-art-pontiac-lumina-haute-couture-fusion-evoquant-la-lumiere-la-vie-et-la-transformation-2026\/\" class=\"news-event-card\">\n      <img src='https:\/\/artpontiac.com\/wp-content\/uploads\/2025\/12\/Firefly_Gemini-Flash_create-an-image-for-an-art-fashion-show-with-wearable-art-941308.png' alt='PPEL DE MEMBRES D\u2019\u00c9QUIPE \u2014 D\u00c9FIL\u00c9 DE MODE ART PONTIAC LUMINA : Haute Couture Fusion (\u00c9voquant la lumi\u00e8re, la vie et la transformation) 2026'\/>\n      \n\n  <div class=\"news-event-text-content\">\n        <div class=\"news-event-title\">PPEL DE MEMBRES D\u2019\u00c9QUIPE \u2014 D\u00c9FIL\u00c9 DE MODE ART PONTIAC LUMINA : Haute Couture Fusion (\u00c9voquant la lumi\u00e8re, la vie et la transformation) 2026<\/div>\n        <div class=\"news-event-date\">d\u00e9cembre 3, 2025 - mai 15, 2026<\/div>\n  <\/div>\n<\/a>\n\n  \n   \n <a href=\"https:\/\/artpontiac.com\/fr\/events\/auto-draft-7\/\" class=\"news-event-card\">\n      <img src='https:\/\/artpontiac.com\/wp-content\/uploads\/2026\/03\/Untitled-2026-03-23T100354.927-1.png' alt='Grande vente d\u2019art et de bijoux \u00e0 la boutique-cadeaux'\/>\n      \n\n  <div class=\"news-event-text-content\">\n        <div class=\"news-event-title\">Grande vente d\u2019art et de bijoux \u00e0 la boutique-cadeaux<\/div>\n        <div class=\"news-event-date\">avril 1, 2026 - mai 10, 2026<\/div>\n  <\/div>\n<\/a>\n\n  \n   \n <a href=\"https:\/\/artpontiac.com\/fr\/events\/atelier-de-poesie\/\" class=\"news-event-card\">\n      <img src='https:\/\/artpontiac.com\/wp-content\/uploads\/2026\/03\/Firefly_Gemini-Flash_create-cursive-writing-of-this-line-in-a-poem-Poetry-is-like-a-painting-but-with-wor-263038-1.webp' alt='\u00ab La po\u00e9sie, c\u2019est comme une peinture\u2026 mais avec des mots. \u00bb Atelier de po\u00e9sie'\/>\n      \n\n  <div class=\"news-event-text-content\">\n        <div class=\"news-event-title\">\u00ab La po\u00e9sie, c\u2019est comme une peinture\u2026 mais avec des mots. \u00bb Atelier de po\u00e9sie<\/div>\n        <div class=\"news-event-date\">avril 25, 2026<\/div>\n  <\/div>\n<\/a>\n\n  \n   \n <a href=\"https:\/\/artpontiac.com\/fr\/events\/atelier-de-crochet-poule-decorative\/\" class=\"news-event-card\">\n      <img src='https:\/\/artpontiac.com\/wp-content\/uploads\/2026\/03\/chickens_store-scaled.webp' alt='Atelier de crochet \u2013 Poule d\u00e9corative'\/>\n      \n\n  <div class=\"news-event-text-content\">\n        <div class=\"news-event-title\">Atelier de crochet \u2013 Poule d\u00e9corative<\/div>\n        <div class=\"news-event-date\">mai 2, 2026<\/div>\n  <\/div>\n<\/a>\n\n  \n   \n <a href=\"https:\/\/artpontiac.com\/fr\/events\/auto-draft-5\/\" class=\"news-event-card\">\n      <img src='https:\/\/artpontiac.com\/wp-content\/uploads\/2026\/03\/collA\u00a9es-collA\u00a9es-poster-world-collage-day-may-9th2026-1-pdf.jpg' alt='Exposition \u00e9ph\u00e9m\u00e8re \u2013 Journ\u00e9e mondiale du collage'\/>\n      \n\n  <div class=\"news-event-text-content\">\n        <div class=\"news-event-title\">Exposition \u00e9ph\u00e9m\u00e8re \u2013 Journ\u00e9e mondiale du collage<\/div>\n        <div class=\"news-event-date\">mai 9, 2026<\/div>\n  <\/div>\n<\/a>\n\n  \n   \n <a href=\"https:\/\/artpontiac.com\/fr\/events\/auto-draft-3\/\" class=\"news-event-card\">\n      <img src='https:\/\/artpontiac.com\/wp-content\/uploads\/2026\/03\/IMG_7210-scaled.webp' alt='Fabrication de b\u00e2tons d\u2019odeur et fumigations \u2013 Rituel cr\u00e9atif et sensoriel'\/>\n      \n\n  <div class=\"news-event-text-content\">\n        <div class=\"news-event-title\">Fabrication de b\u00e2tons d\u2019odeur et fumigations \u2013 Rituel cr\u00e9atif et sensoriel<\/div>\n        <div class=\"news-event-date\">mai 16, 2026 - mai 17, 2026<\/div>\n  <\/div>\n<\/a>\n\n  \n   \n <a href=\"https:\/\/artpontiac.com\/fr\/events\/auto-draft-6\/\" class=\"news-event-card\">\n      <img src='https:\/\/artpontiac.com\/wp-content\/uploads\/2026\/03\/ChatGPT-Image-Mar-24-2026-04_15_47-PM-1.png' alt='\u00c9v\u00e9nement d\u2019appr\u00e9ciation des membres !'\/>\n      \n\n  <div class=\"news-event-text-content\">\n        <div class=\"news-event-title\">\u00c9v\u00e9nement d\u2019appr\u00e9ciation des membres !<\/div>\n        <div class=\"news-event-date\">mai 30, 2026<\/div>\n  <\/div>\n<\/a>\n\n  \n   \n <a href=\"https:\/\/artpontiac.com\/fr\/events\/au-dela-du-chevalet\/\" class=\"news-event-card\">\n      <img src='https:\/\/artpontiac.com\/wp-content\/uploads\/2025\/12\/ChatGPT-Image-Mar-24-2026-04_25_22-PM.webp' alt='**AU-DEL\u00c0 DU CHEVALET'\/>\n      \n\n  <div class=\"news-event-text-content\">\n        <div class=\"news-event-title\">**AU-DEL\u00c0 DU CHEVALET<\/div>\n        <div class=\"news-event-date\">ao\u00fbt 7, 2026 - ao\u00fbt 9, 2026<\/div>\n  <\/div>\n<\/a>\n\n  \t<\/div>\r\n<\/div>\n<\/div><\/div>\n\t\t\t\t\t\t<\/div>\n\t\t\t\t<\/div>\n\t\t\t\t<div class=\"elementor-element elementor-element-e05d1d3 elementor-widget elementor-widget-button\" data-id=\"e05d1d3\" data-element_type=\"widget\" data-e-type=\"widget\" data-widget_type=\"button.default\">\n\t\t\t\t<div class=\"elementor-widget-container\">\n\t\t\t\t\t\t\t\t\t<div class=\"elementor-button-wrapper\">\n\t\t\t\t\t<a class=\"elementor-button elementor-button-link elementor-size-sm\" href=\"https:\/\/artpontiac.com\/fr\/evenements\/\">\n\t\t\t\t\t\t<span class=\"elementor-button-content-wrapper\">\n\t\t\t\t\t\t\t\t\t<span class=\"elementor-button-text\">Voir tous les \u00e9v\u00e9nements<\/span>\n\t\t\t\t\t<\/span>\n\t\t\t\t\t<\/a>\n\t\t\t\t<\/div>\n\t\t\t\t\t\t\t\t<\/div>\n\t\t\t\t<\/div>\n\t\t\t\t<\/div>\n\t\t\t\t<\/div>\n\t\t\t\t\t<\/div>\n\t\t\t\t<\/div>\n\t\t\t\t<\/div>\n\t\t","protected":false},"excerpt":{"rendered":"<p>Actualit\u00e9s r\u00e9centes Plus d&rsquo;actualit\u00e9s \u00c9v\u00e9nements \u00e0 venir Voir tous les \u00e9v\u00e9nements<\/p>\n","protected":false},"author":1,"featured_media":17541,"parent":0,"menu_order":0,"comment_status":"closed","ping_status":"closed","template":"","meta":{"_acf_changed":false,"iawp_total_views":20,"footnotes":""},"class_list":["post-18707","page","type-page","status-publish","has-post-thumbnail","hentry"],"acf":[],"publishpress_future_action":{"enabled":false,"date":"2026-04-22 21:04:56","action":"change-status","newStatus":"draft","terms":[],"taxonomy":"translation_priority","extraData":[]},"publishpress_future_workflow_manual_trigger":{"enabledWorkflows":[]},"_links":{"self":[{"href":"https:\/\/artpontiac.com\/fr\/wp-json\/wp\/v2\/pages\/18707","targetHints":{"allow":["GET"]}}],"collection":[{"href":"https:\/\/artpontiac.com\/fr\/wp-json\/wp\/v2\/pages"}],"about":[{"href":"https:\/\/artpontiac.com\/fr\/wp-json\/wp\/v2\/types\/page"}],"author":[{"embeddable":true,"href":"https:\/\/artpontiac.com\/fr\/wp-json\/wp\/v2\/users\/1"}],"replies":[{"embeddable":true,"href":"https:\/\/artpontiac.com\/fr\/wp-json\/wp\/v2\/comments?post=18707"}],"version-history":[{"count":5,"href":"https:\/\/artpontiac.com\/fr\/wp-json\/wp\/v2\/pages\/18707\/revisions"}],"predecessor-version":[{"id":18790,"href":"https:\/\/artpontiac.com\/fr\/wp-json\/wp\/v2\/pages\/18707\/revisions\/18790"}],"wp:featuredmedia":[{"embeddable":true,"href":"https:\/\/artpontiac.com\/fr\/wp-json\/wp\/v2\/media\/17541"}],"wp:attachment":[{"href":"https:\/\/artpontiac.com\/fr\/wp-json\/wp\/v2\/media?parent=18707"}],"curies":[{"name":"wp","href":"https:\/\/api.w.org\/{rel}","templated":true}]}}