{"id":20396,"date":"2025-10-28T15:16:41","date_gmt":"2025-10-28T19:16:41","guid":{"rendered":"https:\/\/artpontiac.com\/?page_id=20396"},"modified":"2025-11-12T11:22:59","modified_gmt":"2025-11-12T16:22:59","slug":"inscription-pour-les-artistes","status":"publish","type":"page","link":"https:\/\/artpontiac.com\/fr\/inscription-pour-les-artistes\/","title":{"rendered":"Inscription pour les artistes"},"content":{"rendered":"\t\t<div data-elementor-type=\"wp-page\" data-elementor-id=\"20396\" class=\"elementor elementor-20396 elementor-20373\" data-elementor-post-type=\"page\">\n\t\t\t\t<div class=\"elementor-element elementor-element-e9f89a3 e-flex e-con-boxed e-con e-parent\" data-id=\"e9f89a3\" data-element_type=\"container\" data-e-type=\"container\">\n\t\t\t\t\t<div class=\"e-con-inner\">\n\t\t\t\t<div class=\"elementor-element elementor-element-d7a3672 elementor-widget__width-initial elementor-widget elementor-widget-text-editor\" data-id=\"d7a3672\" data-element_type=\"widget\" data-e-type=\"widget\" data-widget_type=\"text-editor.default\">\n\t\t\t\t<div class=\"elementor-widget-container\">\n\t\t\t\t\t\t\t\t\t<p>L&rsquo;inscription en tant qu&rsquo;artiste est enti\u00e8rement gratuite. S\u00e9lectionnez toutes les formes d&rsquo;art dans lesquelles vous vous sp\u00e9cialisez et fournissez\u00a0quelques exemples de vos \u0153uvres pass\u00e9es ou actuelles. Une fois votre formulaire rempli, nous communiquerons avec vous concernant l&rsquo;approbation et les prochaines \u00e9tapes.<\/p><p>Pour toute question ou pour obtenir de l&rsquo;aide, n&rsquo;h\u00e9sitez pas \u00e0 <a href=\"https:\/\/artpontiac.com\/fr\/contact\/\"><b>nous contacter<\/b><\/a>.<\/p>\t\t\t\t\t\t\t\t<\/div>\n\t\t\t\t<\/div>\n\t\t<div class=\"elementor-element elementor-element-1e5206d e-con-full e-flex e-con e-child\" data-id=\"1e5206d\" data-element_type=\"container\" data-e-type=\"container\">\n\t\t<div class=\"elementor-element elementor-element-e43e04d e-con-full e-flex e-con e-child\" data-id=\"e43e04d\" data-element_type=\"container\" data-e-type=\"container\">\n\t\t\t\t<div class=\"elementor-element elementor-element-c01c052 elementor-widget elementor-widget-shortcode\" data-id=\"c01c052\" data-element_type=\"widget\" data-e-type=\"widget\" data-widget_type=\"shortcode.default\">\n\t\t\t\t<div class=\"elementor-widget-container\">\n\t\t\t\t\t\t\t<div class=\"elementor-shortcode\"><form method=\"post\" class=\"acfe-form\" data-cid=\"69e04d6839ffc\">\t<div id=\"acf-form-data\" class=\"acf-hidden\">\n\t\t<input type=\"hidden\" id=\"_acf_screen\" name=\"_acf_screen\" value=\"acfe_form\"\/><input type=\"hidden\" id=\"_acf_post_id\" name=\"_acf_post_id\" value=\"20396\"\/><input type=\"hidden\" id=\"_acf_validation\" name=\"_acf_validation\" value=\"1\"\/><input type=\"hidden\" id=\"_acf_form\" name=\"_acf_form\" value=\"ZzRZaEQ5empOVWJsci9GM0ZFRU1NZW13eHhLd0x3SFlhanZBQTF0TVdUaEtsZlpVYUY2NjNzeE5qeXVyanRQdWpxL1VEemFJY00zcFFOSmtRNjJ0K0VGR2djSnpjdU84azJpVVZyN2xwWSthMlVlclgrM2cxeTBSWVk4bVlFdEM0L251WSt0enlxd1A0b2U0b0NzdDZ3eUhYRUIwUWxkVTkydVBFbTg1dUp3bFVFSGJGdlc1ZmkwOTFoU01tUVJBLzJRd1JPcGVlaWJHb3hOTzkydVhKb1I2a2o3NzdoNytNbEJJWDRuZy9sNzZsNmlYQjZjSWlVYThpalNvdlZIVXRPT3M5azlvaHBoazExZHRja2pZSXhuaWlrNFlkMHlGTDJEZWNFWmVxcEpmbDIyNHdqQ1JiVkJtWWExaFMzWXpKNDI5b3ovdEt6ckl0MnJvSzRUTDZaRlIzQm4wNWJOcXRWRFFpVjU2WVJsT2psMXpyeW5GelM1ejQ4ejF0THBIQm5NUTF4L3JMZjVRWjV6L1JqbG10RTFKamFoMDQ5TFlKb3ZGR0xzUVA1WGlIZ1FBNnhUZk51OGdmbGl5TU9QRktQcmhWeWNFTnV2M2JvYlN5b1g2SEQ5Ny91eFNYSHZENEhYL2I3M2VpQ2FLRTVvUy9Pcnd6S3F0MDBKbDlGbndMOXgwMHNBRS9xbG1hOEdJRXNIQURIc251Mm5yRjgxbmFkb083MHV6UkNYbm5CNmVjdVprckROOUtlUkVNdjZkMHI2NTgxQnEydnB3OERPcUxmT0dZd2plWElqZVhHbW5MSEc4OU12ZkxOYVY1SjNpd0dOMm91QmZhcnhiRG5RZHdVRGtac1BDS295TTd3bU1hUmtaZ29wdnFGWmYwTHR4RnhVUUZuTGV1L3A5eE1MNFhUMGJ2czhYMFBWOHRKQXNUNzdYNE8yVXV3R0x6ZTJreGJ1ajlNVUVpS3U4c2tiSEsyY2J3WmtxeGJnWkpIeE1qaFZWamdRT3RieUYwOHJ2cGZsd3UwRFJCK2dVWTg4cjNjQXdtcWd5dGluS0Iyb01qSzZ2Z3NwWVF1Zy9kTFRMbFhIWkgxM2VQaktzSHlWYjN0NDhKcEpib0NDUnA1M1ZJS3hsSCtuRWtBeGxLYTlaSGtmelIzZGYxNWJqUU15RUJzcmtud003QlY3cUI1WnJqeGlCSzIxdEhFVjlaV2JxalpwNnlyNzNWQ0lLTU1kaUFicEZxcFdzOTJuK29EaUVJdzBWL3RsVUlsNlNuSmZaK2o5WloxR2dzN2VWd1g3RUNXUTJrVFRObkdwMkdyeWpLdmpORHpOTkxaT0hzc0s4YlNDZHpUc2ZONkVhOXFwV3dxcWJZcGdrM2ZKZXcwNmZYQWg0YnoyYUo5WExuRjRKOWpDaVBEMWFjMzJUN3JHTHVEVlRrRWRScmhld0VodGlSRzJNdHlZRDBEclpPOHpjR1ZXejhxVzZMSW9NMHFTUmViTlFibG1FSUZqbnFhWm5BbEhtU2xINTl6Q0drbHFhWURURWo5VmxyOUZVMXNWaEtuQUJVV1lzVnhIYmtkZWJjd2tlM2dld3FldDgyVldxNGhQbkZpUVU4RzkzakhzVEc2VWNDM2JxQ2p6ekoxbEFhSmErNnZlWFhSTFpNMVdZay9zU0xSWWkxOXFCcDE4aHkwRlRTRk9iekZUNEhyNGJkenJVRUtRalFFMGloYXhoMDZwWjlMQ0ZJUUMrQUJyNXFYck1zZnFIdmJHQ3Z3TUNyZDQrS3g2K1NwRVkwUFFRU1VNLzJ5TzZ0NG5rMGNQYkZQYkwxMTZ0ZHZyWGw1NWpxMjVmZ0N1YlkzVU0vN1paMmg2eHRES05qcVlob2hvTTg0TExEcW1JeWFaT3V4c1B3NldIbzVDdEw4TjV0Uzg3VlYybk5XYm1TZk5rMWhSTlRobGZhSERjUTlqQy9yTDlBekkzUjhqNVFNMVp1MVRwc2VEcnNBPT06Ovqg+lJgmFVxhng2RU7mE2c=\"\/><input type=\"hidden\" id=\"_acf_nonce\" name=\"_acf_nonce\" value=\"e766be4a40\"\/><input type=\"hidden\" id=\"_acf_changed\" name=\"_acf_changed\" value=\"0\"\/><input type=\"hidden\" id=\"_acf_location[post_id]\" name=\"_acf_location[post_id]\" value=\"20396\"\/>\t<\/div>\n\t<div class=\"acf-fields acf-form-fields -top\"><div class=\"acf-field acf-field-text acf-field--validate-email\" style=\"display:none !important;\" data-name=\"_validate_email\" data-type=\"text\" data-key=\"_validate_email\">\n<div class=\"acf-label\">\n<label for=\"acf-_validate_email\">Valider l\u2019e-mail<\/label><\/div>\n<div class=\"acf-input\">\n<div class=\"acf-input-wrap\"><input type=\"text\" id=\"acf-_validate_email\" name=\"acf[_validate_email]\"\/><\/div><\/div>\n<\/div>\n<\/div>            <div class=\"acf-form-submit\">\r\n                \r\n                <input type=\"submit\" class=\"acf-button button button-primary button-large\" value=\"Envoyer\" \/>                <span class=\"acf-spinner\"><\/span>\r\n            <\/div>\r\n        <\/form><\/div>\n\t\t\t\t\t\t<\/div>\n\t\t\t\t<\/div>\n\t\t\t\t<\/div>\n\t\t<div class=\"elementor-element elementor-element-d77688f e-con-full e-flex e-con e-child\" data-id=\"d77688f\" data-element_type=\"container\" data-e-type=\"container\">\n\t\t\t\t<div class=\"elementor-element elementor-element-f28dc63 elementor-widget elementor-widget-heading\" data-id=\"f28dc63\" data-element_type=\"widget\" data-e-type=\"widget\" data-widget_type=\"heading.default\">\n\t\t\t\t<div class=\"elementor-widget-container\">\n\t\t\t\t\t<h2 class=\"elementor-heading-title elementor-size-default\">Guide \u00e9tape par \u00e9tape<\/h2>\t\t\t\t<\/div>\n\t\t\t\t<\/div>\n\t\t\t\t<div class=\"elementor-element elementor-element-0ade617 elementor-widget elementor-widget-heading\" data-id=\"0ade617\" data-element_type=\"widget\" data-e-type=\"widget\" data-widget_type=\"heading.default\">\n\t\t\t\t<div class=\"elementor-widget-container\">\n\t\t\t\t\t<h2 class=\"elementor-heading-title elementor-size-default\">\u00c9tape 1 : Remplir le formulaire<\/h2>\t\t\t\t<\/div>\n\t\t\t\t<\/div>\n\t\t\t\t<div class=\"elementor-element elementor-element-595672e elementor-widget elementor-widget-text-editor\" data-id=\"595672e\" data-element_type=\"widget\" data-e-type=\"widget\" data-widget_type=\"text-editor.default\">\n\t\t\t\t<div class=\"elementor-widget-container\">\n\t\t\t\t\t\t\t\t\t<p>Remplissez toutes les informations n\u00e9cessaires sur ce formulaire. Toutes les informations que vous fournirez ici seront utilis\u00e9es pour cr\u00e9er votre profil d&rsquo;artiste qui sera affich\u00e9 dans le r\u00e9pertoire de notre site web. Vous pourrez modifier votre profil d&rsquo;artiste \u00e0 tout moment sur notre page de gestion de compte.<\/p>\t\t\t\t\t\t\t\t<\/div>\n\t\t\t\t<\/div>\n\t\t\t\t<div class=\"elementor-element elementor-element-d8284c6 elementor-widget elementor-widget-heading\" data-id=\"d8284c6\" data-element_type=\"widget\" data-e-type=\"widget\" data-widget_type=\"heading.default\">\n\t\t\t\t<div class=\"elementor-widget-container\">\n\t\t\t\t\t<h2 class=\"elementor-heading-title elementor-size-default\">\u00c9tape 2 : Validation de votre compte<\/h2>\t\t\t\t<\/div>\n\t\t\t\t<\/div>\n\t\t\t\t<div class=\"elementor-element elementor-element-fb8ec31 elementor-widget elementor-widget-text-editor\" data-id=\"fb8ec31\" data-element_type=\"widget\" data-e-type=\"widget\" data-widget_type=\"text-editor.default\">\n\t\t\t\t<div class=\"elementor-widget-container\">\n\t\t\t\t\t\t\t\t\t<p>Apr\u00e8s avoir soumis le formulaire, nous examinons et validons manuellement votre compte. V\u00e9rifiez votre bo\u00eete de r\u00e9ception dans les jours qui suivent pour trouver un message de notre part et suivez les instructions pour vous connecter \u00e0 votre nouveau compte.<\/p>\t\t\t\t\t\t\t\t<\/div>\n\t\t\t\t<\/div>\n\t\t\t\t<div class=\"elementor-element elementor-element-2af0447 elementor-widget elementor-widget-heading\" data-id=\"2af0447\" data-element_type=\"widget\" data-e-type=\"widget\" data-widget_type=\"heading.default\">\n\t\t\t\t<div class=\"elementor-widget-container\">\n\t\t\t\t\t<h2 class=\"elementor-heading-title elementor-size-default\">\u00c9tape 3 : Processus d'\u00e9valuation<\/h2>\t\t\t\t<\/div>\n\t\t\t\t<\/div>\n\t\t\t\t<div class=\"elementor-element elementor-element-5fb0021 elementor-widget elementor-widget-text-editor\" data-id=\"5fb0021\" data-element_type=\"widget\" data-e-type=\"widget\" data-widget_type=\"text-editor.default\">\n\t\t\t\t<div class=\"elementor-widget-container\">\n\t\t\t\t\t\t\t\t\t<p>Apr\u00e8s la validation de vos coordonn\u00e9es, votre candidature fera l&rsquo;objet d&rsquo;un examen pour en garantir l&rsquo;authenticit\u00e9. Cette \u00e9tape est importante pour assurer la fiabilit\u00e9 de notre r\u00e9pertoire d&rsquo;artistes.<\/p>\t\t\t\t\t\t\t\t<\/div>\n\t\t\t\t<\/div>\n\t\t\t\t<div class=\"elementor-element elementor-element-1a778e2 elementor-widget elementor-widget-heading\" data-id=\"1a778e2\" data-element_type=\"widget\" data-e-type=\"widget\" data-widget_type=\"heading.default\">\n\t\t\t\t<div class=\"elementor-widget-container\">\n\t\t\t\t\t<h2 class=\"elementor-heading-title elementor-size-default\">\u00c9tape 4 : Confirmation et gestion<\/h2>\t\t\t\t<\/div>\n\t\t\t\t<\/div>\n\t\t\t\t<div class=\"elementor-element elementor-element-51f56ed elementor-widget elementor-widget-text-editor\" data-id=\"51f56ed\" data-element_type=\"widget\" data-e-type=\"widget\" data-widget_type=\"text-editor.default\">\n\t\t\t\t<div class=\"elementor-widget-container\">\n\t\t\t\t\t\t\t\t\t<p>Une fois votre inscription valid\u00e9e, nous vous enverrons un courriel confirmant votre approbation. Vous pourrez alors consulter et g\u00e9rer votre compte. Un lien direct vous sera envoy\u00e9 par courriel pour acc\u00e9der \u00e0 votre compte.<\/p>\t\t\t\t\t\t\t\t<\/div>\n\t\t\t\t<\/div>\n\t\t<div class=\"elementor-element elementor-element-4f8fe13 e-con-full e-flex e-con e-child\" data-id=\"4f8fe13\" data-element_type=\"container\" data-e-type=\"container\">\n\t\t\t\t<div class=\"elementor-element elementor-element-4b7e371 elementor-view-default elementor-widget elementor-widget-icon\" data-id=\"4b7e371\" data-element_type=\"widget\" data-e-type=\"widget\" data-widget_type=\"icon.default\">\n\t\t\t\t<div class=\"elementor-widget-container\">\n\t\t\t\t\t\t\t<div class=\"elementor-icon-wrapper\">\n\t\t\t<a class=\"elementor-icon\" href=\"https:\/\/artpontiac.com\/manage-my-account\/\">\n\t\t\t<svg aria-hidden=\"true\" class=\"e-font-icon-svg e-fas-arrow-left\" viewBox=\"0 0 448 512\" xmlns=\"http:\/\/www.w3.org\/2000\/svg\"><path d=\"M257.5 445.1l-22.2 22.2c-9.4 9.4-24.6 9.4-33.9 0L7 273c-9.4-9.4-9.4-24.6 0-33.9L201.4 44.7c9.4-9.4 24.6-9.4 33.9 0l22.2 22.2c9.5 9.5 9.3 25-.4 34.3L136.6 216H424c13.3 0 24 10.7 24 24v32c0 13.3-10.7 24-24 24H136.6l120.5 114.8c9.8 9.3 10 24.8.4 34.3z\"><\/path><\/svg>\t\t\t<\/a>\n\t\t<\/div>\n\t\t\t\t\t\t<\/div>\n\t\t\t\t<\/div>\n\t\t\t\t<div class=\"elementor-element elementor-element-c9805b9 elementor-widget-mobile__width-initial elementor-widget elementor-widget-heading\" data-id=\"c9805b9\" data-element_type=\"widget\" data-e-type=\"widget\" data-widget_type=\"heading.default\">\n\t\t\t\t<div class=\"elementor-widget-container\">\n\t\t\t\t\t<h2 class=\"elementor-heading-title elementor-size-default\"><a href=\"https:\/\/artpontiac.com\/fr\/gerer-mon-compte\/\">Retour \u00e0 la page d'accueil du compte<\/a><\/h2>\t\t\t\t<\/div>\n\t\t\t\t<\/div>\n\t\t\t\t<\/div>\n\t\t\t\t<\/div>\n\t\t\t\t<\/div>\n\t\t\t\t\t<\/div>\n\t\t\t\t<\/div>\n\t\t\t\t<\/div>\n\t\t","protected":false},"excerpt":{"rendered":"<p>L&rsquo;inscription en tant qu&rsquo;artiste est enti\u00e8rement gratuite. S\u00e9lectionnez toutes les formes d&rsquo;art dans lesquelles vous vous sp\u00e9cialisez et fournissez\u00a0quelques exemples de vos \u0153uvres pass\u00e9es ou actuelles. Une fois votre formulaire [&hellip;]<\/p>\n","protected":false},"author":4,"featured_media":0,"parent":0,"menu_order":0,"comment_status":"closed","ping_status":"closed","template":"","meta":{"_acf_changed":false,"iawp_total_views":0,"footnotes":""},"class_list":["post-20396","page","type-page","status-publish","hentry"],"acf":[],"publishpress_future_action":{"enabled":false,"date":"2026-04-22 22:46:00","action":"change-status","newStatus":"draft","terms":[],"taxonomy":"translation_priority","extraData":[]},"publishpress_future_workflow_manual_trigger":{"enabledWorkflows":[]},"_links":{"self":[{"href":"https:\/\/artpontiac.com\/fr\/wp-json\/wp\/v2\/pages\/20396","targetHints":{"allow":["GET"]}}],"collection":[{"href":"https:\/\/artpontiac.com\/fr\/wp-json\/wp\/v2\/pages"}],"about":[{"href":"https:\/\/artpontiac.com\/fr\/wp-json\/wp\/v2\/types\/page"}],"author":[{"embeddable":true,"href":"https:\/\/artpontiac.com\/fr\/wp-json\/wp\/v2\/users\/4"}],"replies":[{"embeddable":true,"href":"https:\/\/artpontiac.com\/fr\/wp-json\/wp\/v2\/comments?post=20396"}],"version-history":[{"count":49,"href":"https:\/\/artpontiac.com\/fr\/wp-json\/wp\/v2\/pages\/20396\/revisions"}],"predecessor-version":[{"id":22076,"href":"https:\/\/artpontiac.com\/fr\/wp-json\/wp\/v2\/pages\/20396\/revisions\/22076"}],"wp:attachment":[{"href":"https:\/\/artpontiac.com\/fr\/wp-json\/wp\/v2\/media?parent=20396"}],"curies":[{"name":"wp","href":"https:\/\/api.w.org\/{rel}","templated":true}]}}